{"id":11,"date":"2011-11-29T09:24:39","date_gmt":"2011-11-29T09:24:39","guid":{"rendered":"http:\/\/www.math.u-bordeaux.fr\/~nazaret\/?page_id=11"},"modified":"2019-07-08T12:29:09","modified_gmt":"2019-07-08T12:29:09","slug":"enseignement","status":"publish","type":"page","link":"https:\/\/christine-nazaret.perso.math.cnrs.fr\/?page_id=11","title":{"rendered":"Enseignement\/Teaching"},"content":{"rendered":"<ul>\n<li>\u00a0<strong>ENSTBB<\/strong><\/li>\n<\/ul>\n<p>L&rsquo;ENSTBB est une \u00e9cole d&rsquo;ing\u00e9nieurs accessible \u00e0 bac+2 (Ecole Nationale Sup\u00e9rieure de technologie de Biomol\u00e9cules de Bordeaux).\u00a0Pour tous renseignements concernant l&rsquo;\u00e9cole, visitez son <a title=\"Publications\" href=\"https:\/\/enstbb.bordeaux-inp.fr\/fr\">site web<\/a> ou prenez contact avec la directrice des \u00e9tudes.<\/p>\n<p>Secr\u00e9tariat ENSTBB\u00a0: 33(0)5 57 57 10 44<br \/>\nFax\u00a0: 33(0)5 57 57 46 43<br \/>\nDirectrice des \u00e9tudes <a title=\"Responsabilit\u00e9s\/University Involvement\" href=\"mailto:patricia.costaglioli@ipb.fr\">: Patricia Costaglioli<\/a>.<\/p>\n<p>Vous trouverez les cours de math\u00e9matiques dispens\u00e9s \u00e0 l&rsquo;ENSTBB ainsi que des exercices d&rsquo;application. Sur cette page, se trouvent aussi quelques rappels de math\u00e9matiques utiles pour les \u00e9tudiants (non issus des classes pr\u00e9paratoires) int\u00e9grant l&rsquo;ENSTBB sur dossier.<\/p>\n<ul>\n<li><strong>Undergraduate\/CPGE<\/strong><\/li>\n<\/ul>\n<p>Vous trouverez aussi les diaporamas des cours\u00a0 dispens\u00e9s en CPGE des INP de Bordeaux: s\u00e9ries num\u00e9riques et int\u00e9grales g\u00e9n\u00e9ralis\u00e9es.<\/p>\n<ul>\n<li><strong>Undergraduate\/licence<\/strong><\/li>\n<\/ul>\n<p>Vous trouverez aussi les cours ou TD dispens\u00e9s \u00e0 l&rsquo;universit\u00e9 Victor Segalen de Bordeaux en licence MIASHS ou SDV : il s&rsquo;agit d&rsquo;outils math\u00e9matiques de base en analyse ou alg\u00e8bre.<\/p>\n<p>&nbsp;<\/p>\n<p>&nbsp;<\/p>\n<p>&nbsp;<\/p>\n<p>&nbsp;<\/p>\n<p>&nbsp;<\/p>\n<p>&nbsp;<\/p>\n<p>&nbsp;<\/p>\n<p>&nbsp;<\/p>\n<p>&nbsp;<\/p>\n<p>&nbsp;<\/p>\n","protected":false},"excerpt":{"rendered":"<p>\u00a0ENSTBB L&rsquo;ENSTBB est une \u00e9cole d&rsquo;ing\u00e9nieurs accessible \u00e0 bac+2 (Ecole Nationale Sup\u00e9rieure de technologie de Biomol\u00e9cules de Bordeaux).\u00a0Pour tous renseignements concernant l&rsquo;\u00e9cole, visitez son site web ou prenez contact avec la directrice des \u00e9tudes. Secr\u00e9tariat ENSTBB\u00a0: 33(0)5 57 57 10 &hellip; <a href=\"https:\/\/christine-nazaret.perso.math.cnrs.fr\/?page_id=11\">Continuer la lecture <span class=\"meta-nav\">&rarr;<\/span><\/a><\/p>\n","protected":false},"author":1,"featured_media":0,"parent":0,"menu_order":2,"comment_status":"closed","ping_status":"closed","template":"","meta":{"footnotes":""},"_links":{"self":[{"href":"https:\/\/christine-nazaret.perso.math.cnrs.fr\/index.php?rest_route=\/wp\/v2\/pages\/11"}],"collection":[{"href":"https:\/\/christine-nazaret.perso.math.cnrs.fr\/index.php?rest_route=\/wp\/v2\/pages"}],"about":[{"href":"https:\/\/christine-nazaret.perso.math.cnrs.fr\/index.php?rest_route=\/wp\/v2\/types\/page"}],"author":[{"embeddable":true,"href":"https:\/\/christine-nazaret.perso.math.cnrs.fr\/index.php?rest_route=\/wp\/v2\/users\/1"}],"replies":[{"embeddable":true,"href":"https:\/\/christine-nazaret.perso.math.cnrs.fr\/index.php?rest_route=%2Fwp%2Fv2%2Fcomments&post=11"}],"version-history":[{"count":28,"href":"https:\/\/christine-nazaret.perso.math.cnrs.fr\/index.php?rest_route=\/wp\/v2\/pages\/11\/revisions"}],"predecessor-version":[{"id":284,"href":"https:\/\/christine-nazaret.perso.math.cnrs.fr\/index.php?rest_route=\/wp\/v2\/pages\/11\/revisions\/284"}],"wp:attachment":[{"href":"https:\/\/christine-nazaret.perso.math.cnrs.fr\/index.php?rest_route=%2Fwp%2Fv2%2Fmedia&parent=11"}],"curies":[{"name":"wp","href":"https:\/\/api.w.org\/{rel}","templated":true}]}}