{"id":116,"date":"2011-12-01T15:33:59","date_gmt":"2011-12-01T15:33:59","guid":{"rendered":"http:\/\/www.math.u-bordeaux.fr\/~nazaret\/?page_id=116"},"modified":"2015-01-13T12:00:14","modified_gmt":"2015-01-13T12:00:14","slug":"undergraduatelicence","status":"publish","type":"page","link":"https:\/\/christine-nazaret.perso.math.cnrs.fr\/?page_id=116","title":{"rendered":"Licence\/Undergraduate"},"content":{"rendered":"<div>\n<p><a name=\"#sm\"><\/a> <strong>CPGE des INP (Bordeaux)<\/strong><\/p>\n<ul>\n<li><a href=\"http:\/\/www.math.u-bordeaux.fr\/~nazaret\/wp-content\/uploads\/2015\/01\/projection_serie_num.pdf\">s\u00e9ries num\u00e9riques<\/a><\/li>\n<li><a href=\"http:\/\/www.math.u-bordeaux.fr\/~nazaret\/wp-content\/uploads\/2015\/01\/projection_IG.pdf\">int\u00e9grales g\u00e9n\u00e9ralis\u00e9es<\/a><\/li>\n<\/ul>\n<h2><a name=\"#sm\"><\/a> Aux UFR <a href=\"..\/..\/\" target=\"_blank\">Sciences et Mod\u00e9lisation<\/a> et <a href=\"http:\/\/www.ufrsdv.u-bordeaux2.fr\/\" target=\"_blank\">Sciences de la Vie<\/a><\/h2>\n<ul>\n<li>\n<h3>Enseignement des notions de base en alg\u00e8bre et en analyse<\/h3>\n<\/li>\n<\/ul>\n<\/div>\n","protected":false},"excerpt":{"rendered":"<p>CPGE des INP (Bordeaux) s\u00e9ries num\u00e9riques int\u00e9grales g\u00e9n\u00e9ralis\u00e9es Aux UFR Sciences et Mod\u00e9lisation et Sciences de la Vie Enseignement des notions de base en alg\u00e8bre et en analyse<\/p>\n","protected":false},"author":1,"featured_media":0,"parent":11,"menu_order":0,"comment_status":"closed","ping_status":"closed","template":"","meta":{"footnotes":""},"_links":{"self":[{"href":"https:\/\/christine-nazaret.perso.math.cnrs.fr\/index.php?rest_route=\/wp\/v2\/pages\/116"}],"collection":[{"href":"https:\/\/christine-nazaret.perso.math.cnrs.fr\/index.php?rest_route=\/wp\/v2\/pages"}],"about":[{"href":"https:\/\/christine-nazaret.perso.math.cnrs.fr\/index.php?rest_route=\/wp\/v2\/types\/page"}],"author":[{"embeddable":true,"href":"https:\/\/christine-nazaret.perso.math.cnrs.fr\/index.php?rest_route=\/wp\/v2\/users\/1"}],"replies":[{"embeddable":true,"href":"https:\/\/christine-nazaret.perso.math.cnrs.fr\/index.php?rest_route=%2Fwp%2Fv2%2Fcomments&post=116"}],"version-history":[{"count":8,"href":"https:\/\/christine-nazaret.perso.math.cnrs.fr\/index.php?rest_route=\/wp\/v2\/pages\/116\/revisions"}],"predecessor-version":[{"id":131,"href":"https:\/\/christine-nazaret.perso.math.cnrs.fr\/index.php?rest_route=\/wp\/v2\/pages\/116\/revisions\/131"}],"up":[{"embeddable":true,"href":"https:\/\/christine-nazaret.perso.math.cnrs.fr\/index.php?rest_route=\/wp\/v2\/pages\/11"}],"wp:attachment":[{"href":"https:\/\/christine-nazaret.perso.math.cnrs.fr\/index.php?rest_route=%2Fwp%2Fv2%2Fmedia&parent=116"}],"curies":[{"name":"wp","href":"https:\/\/api.w.org\/{rel}","templated":true}]}}