{"id":119,"date":"2011-12-01T19:27:18","date_gmt":"2011-12-01T19:27:18","guid":{"rendered":"http:\/\/www.math.u-bordeaux.fr\/~nazaret\/?page_id=119"},"modified":"2017-03-02T17:07:46","modified_gmt":"2017-03-02T17:07:46","slug":"119-2","status":"publish","type":"page","link":"https:\/\/christine-nazaret.perso.math.cnrs.fr\/?page_id=119","title":{"rendered":"Responsabilit\u00e9s\/University Involvement"},"content":{"rendered":"<h2>Responsabilit\u00e9s collectives<\/h2>\n<ul>\n<li>2001- : Responsable de la 1\u00e8re ann\u00e9e de l&rsquo;ENSTBB.<\/li>\n<li>1998- : Membre de la commission de recrutement des \u00e9l\u00e8ves ing\u00e9nieurs de l&rsquo;ENSTBB.<\/li>\n<li>1998- : Membre de la commission p\u00e9dagogique de l&rsquo;ENSTBB.<\/li>\n<li>1998- : Responsable de l&rsquo;enseignement des math\u00e9matiques, \u00e0 l&rsquo;ENSTBB.<\/li>\n<li>2010- : Membre du Conseil d&rsquo;\u00e9cole \u00e0 l&rsquo;ENSTBB<\/li>\n<li>2015- : Membre de la commission disciplinaire de Bordeaux INP.<\/li>\n<li>2007-2009 : Responsable UE math\u00e9matiques en L1 Sciences de la Vie.<\/li>\n<li>1998-2001 : Responsable informatique \u00e0 l&rsquo;ESTBB.<\/li>\n<li>1999-2002 : Responsable technique du site Web de l&rsquo;ESTBB.<\/li>\n<li>1998-2006 : Membre du conseil d&rsquo;administration de l&rsquo;ESTBB.<\/li>\n<\/ul>\n<h2>Organisation de rencontres scientifiques<\/h2>\n<ul>\n<li>Co-organisatrice d&rsquo;une \u00e9cole th\u00e9matique du C.N.R.S \u00a0\u00bb Mod\u00e9lisation de syst\u00e8mes biologiques complexes dans le contexte de la g\u00e9nomique \u00ab\u00a0, 3-7 avril 2006, Carcans-Maubuisson, charg\u00e9e des financements sp\u00e9cifiques (r\u00e9gion, minist\u00e8re, universit\u00e9s, laboratoires,&#8230;) et de l&rsquo;h\u00e9bergement (100 participants).<\/li>\n<li>Co-organisatrice rencontre ACI MitoScop en mars 2006 et en mai 2007 (15 personnes).<\/li>\n<li>Co-organisatrice rencontre ACI Vicanne en juin 2007 (20 personnes).<\/li>\n<\/ul>\n","protected":false},"excerpt":{"rendered":"<p>Responsabilit\u00e9s collectives 2001- : Responsable de la 1\u00e8re ann\u00e9e de l&rsquo;ENSTBB. 1998- : Membre de la commission de recrutement des \u00e9l\u00e8ves ing\u00e9nieurs de l&rsquo;ENSTBB. 1998- : Membre de la commission p\u00e9dagogique de l&rsquo;ENSTBB. 1998- : Responsable de l&rsquo;enseignement des math\u00e9matiques, &hellip; <a href=\"https:\/\/christine-nazaret.perso.math.cnrs.fr\/?page_id=119\">Continuer la lecture <span class=\"meta-nav\">&rarr;<\/span><\/a><\/p>\n","protected":false},"author":1,"featured_media":0,"parent":0,"menu_order":3,"comment_status":"closed","ping_status":"closed","template":"","meta":{"footnotes":""},"_links":{"self":[{"href":"https:\/\/christine-nazaret.perso.math.cnrs.fr\/index.php?rest_route=\/wp\/v2\/pages\/119"}],"collection":[{"href":"https:\/\/christine-nazaret.perso.math.cnrs.fr\/index.php?rest_route=\/wp\/v2\/pages"}],"about":[{"href":"https:\/\/christine-nazaret.perso.math.cnrs.fr\/index.php?rest_route=\/wp\/v2\/types\/page"}],"author":[{"embeddable":true,"href":"https:\/\/christine-nazaret.perso.math.cnrs.fr\/index.php?rest_route=\/wp\/v2\/users\/1"}],"replies":[{"embeddable":true,"href":"https:\/\/christine-nazaret.perso.math.cnrs.fr\/index.php?rest_route=%2Fwp%2Fv2%2Fcomments&post=119"}],"version-history":[{"count":10,"href":"https:\/\/christine-nazaret.perso.math.cnrs.fr\/index.php?rest_route=\/wp\/v2\/pages\/119\/revisions"}],"predecessor-version":[{"id":121,"href":"https:\/\/christine-nazaret.perso.math.cnrs.fr\/index.php?rest_route=\/wp\/v2\/pages\/119\/revisions\/121"}],"wp:attachment":[{"href":"https:\/\/christine-nazaret.perso.math.cnrs.fr\/index.php?rest_route=%2Fwp%2Fv2%2Fmedia&parent=119"}],"curies":[{"name":"wp","href":"https:\/\/api.w.org\/{rel}","templated":true}]}}