{"id":78,"date":"2019-04-30T15:31:50","date_gmt":"2019-04-30T15:31:50","guid":{"rendered":"http:\/\/www.math.u-bordeaux.fr\/~nazaret\/?page_id=78"},"modified":"2019-05-17T14:36:10","modified_gmt":"2019-05-17T14:36:10","slug":"enseignement-specifique-pour-biologie","status":"publish","type":"page","link":"https:\/\/christine-nazaret.perso.math.cnrs.fr\/?page_id=78","title":{"rendered":"Enseignement sp\u00e9cifique pour biologie"},"content":{"rendered":"<p style=\"text-align: center;\">Mod\u00e9lisation en biologie<\/p>\n<ul>\n<li>Etude de R\u00e9seaux m\u00e9taboliques sous Rstudio\n<ul>\n<li>hypergraphes et matrice de stoechiom\u00e9trie (<a href=\"http:\/\/www.math.u-bordeaux.fr\/~nazaret\/wp-content\/uploads\/2019\/04\/Seance2.pdf\">Seance2<\/a>&#8211;<a href=\"http:\/\/www.math.u-bordeaux.fr\/~nazaret\/wp-content\/uploads\/2019\/04\/Seance2_correction.pdf\">correction<\/a>)<\/li>\n<li>\u00e9tat stationnaire (<a href=\"http:\/\/www.math.u-bordeaux.fr\/~nazaret\/wp-content\/uploads\/2019\/04\/seance3.pdf\">seance3<\/a>&#8211;<a href=\"http:\/\/www.math.u-bordeaux.fr\/~nazaret\/wp-content\/uploads\/2019\/04\/seance3_correction.pdf\">correction<\/a>)<\/li>\n<li>optimisation de flux (<a href=\"http:\/\/www.math.u-bordeaux.fr\/~nazaret\/wp-content\/uploads\/2019\/04\/seance41.pdf\">seance4<\/a>&#8211;<a href=\"http:\/\/www.math.u-bordeaux.fr\/~nazaret\/wp-content\/uploads\/2019\/04\/seance4_correction.pdf\">correction<\/a>)<\/li>\n<\/ul>\n<\/li>\n<\/ul>\n<ul>\n<li>Etude de mod\u00e8les de croissance dans un bior\u00e9acteur:\n<ul>\n<li><a href=\"http:\/\/www.math.u-bordeaux.fr\/~nazaret\/wp-content\/uploads\/2019\/04\/TD_bioproc\u00e9d\u00e9s_Batch.pdf\">en batch<\/a><\/li>\n<li><a href=\"http:\/\/www.math.u-bordeaux.fr\/~nazaret\/wp-content\/uploads\/2019\/04\/TD_bioproc\u00e9d\u00e9s_Fed.pdf\">en fed-batch<\/a><\/li>\n<li><a href=\"http:\/\/www.math.u-bordeaux.fr\/~nazaret\/wp-content\/uploads\/2019\/04\/TD_bioproc\u00e9d\u00e9s_Continu.pdf\">en continu<\/a><\/li>\n<\/ul>\n<\/li>\n<\/ul>\n<ul>\n<li>\u00a0Ajustement de param\u00e8tres d&rsquo;un mod\u00e8le \u00e0 partir de donn\u00e9es exp\u00e9rimentales &#8211; curve fitting<\/li>\n<li>\n<ul>\n<li>r\u00e9gression lin\u00e9aire\n<ul>\n<li><a href=\"http:\/\/www.math.u-bordeaux.fr\/~nazaret\/wp-content\/uploads\/2019\/04\/TD1.pdf\">droite de r\u00e9gression<\/a>&#8211;<a href=\"http:\/\/www.math.u-bordeaux.fr\/~nazaret\/wp-content\/uploads\/2019\/04\/TD1_Correction.pdf\">correction<\/a><\/li>\n<li><a href=\"http:\/\/www.math.u-bordeaux.fr\/~nazaret\/wp-content\/uploads\/2019\/04\/TD2.pdf\">courbe d&rsquo;\u00e9talonnage<\/a>&#8211;<a href=\"http:\/\/www.math.u-bordeaux.fr\/~nazaret\/wp-content\/uploads\/2019\/04\/TD2_correction.pdf\">correction<\/a><\/li>\n<\/ul>\n<\/li>\n<li>r\u00e9gression non lin\u00e9aire (dans un bior\u00e9acteur):\n<ul>\n<li><a href=\"http:\/\/www.math.u-bordeaux.fr\/~nazaret\/wp-content\/uploads\/2019\/04\/TD3.pdf\">taux de croissance et d\u00e9termination du Kla &#8211; <\/a><a href=\"http:\/\/www.math.u-bordeaux.fr\/~nazaret\/wp-content\/uploads\/2019\/04\/TD3_Correction.pdf\">correction<\/a><\/li>\n<li><a href=\"http:\/\/www.math.u-bordeaux.fr\/~nazaret\/wp-content\/uploads\/2019\/04\/TD4.pdf\">rendement et croissance logistique &#8211;<\/a><a href=\"http:\/\/www.math.u-bordeaux.fr\/~nazaret\/wp-content\/uploads\/2019\/04\/TD4_Correction.pdf\">correction<\/a><\/li>\n<li><a href=\"http:\/\/www.math.u-bordeaux.fr\/~nazaret\/wp-content\/uploads\/2019\/04\/TD5.pdf\">mod\u00e8les de croissance (Monod) &#8211; <\/a><a href=\"http:\/\/www.math.u-bordeaux.fr\/~nazaret\/wp-content\/uploads\/2019\/05\/TD5_Correction.pdf\">correction<\/a><\/li>\n<\/ul>\n<\/li>\n<\/ul>\n<\/li>\n<\/ul>\n","protected":false},"excerpt":{"rendered":"<p>Mod\u00e9lisation en biologie Etude de R\u00e9seaux m\u00e9taboliques sous Rstudio hypergraphes et matrice de stoechiom\u00e9trie (Seance2&#8211;correction) \u00e9tat stationnaire (seance3&#8211;correction) optimisation de flux (seance4&#8211;correction) Etude de mod\u00e8les de croissance dans un bior\u00e9acteur: en batch en fed-batch en continu \u00a0Ajustement de param\u00e8tres d&rsquo;un &hellip; <a href=\"https:\/\/christine-nazaret.perso.math.cnrs.fr\/?page_id=78\">Continuer la lecture <span class=\"meta-nav\">&rarr;<\/span><\/a><\/p>\n","protected":false},"author":1,"featured_media":0,"parent":109,"menu_order":0,"comment_status":"closed","ping_status":"closed","template":"","meta":{"footnotes":""},"_links":{"self":[{"href":"https:\/\/christine-nazaret.perso.math.cnrs.fr\/index.php?rest_route=\/wp\/v2\/pages\/78"}],"collection":[{"href":"https:\/\/christine-nazaret.perso.math.cnrs.fr\/index.php?rest_route=\/wp\/v2\/pages"}],"about":[{"href":"https:\/\/christine-nazaret.perso.math.cnrs.fr\/index.php?rest_route=\/wp\/v2\/types\/page"}],"author":[{"embeddable":true,"href":"https:\/\/christine-nazaret.perso.math.cnrs.fr\/index.php?rest_route=\/wp\/v2\/users\/1"}],"replies":[{"embeddable":true,"href":"https:\/\/christine-nazaret.perso.math.cnrs.fr\/index.php?rest_route=%2Fwp%2Fv2%2Fcomments&post=78"}],"version-history":[{"count":8,"href":"https:\/\/christine-nazaret.perso.math.cnrs.fr\/index.php?rest_route=\/wp\/v2\/pages\/78\/revisions"}],"predecessor-version":[{"id":280,"href":"https:\/\/christine-nazaret.perso.math.cnrs.fr\/index.php?rest_route=\/wp\/v2\/pages\/78\/revisions\/280"}],"up":[{"embeddable":true,"href":"https:\/\/christine-nazaret.perso.math.cnrs.fr\/index.php?rest_route=\/wp\/v2\/pages\/109"}],"wp:attachment":[{"href":"https:\/\/christine-nazaret.perso.math.cnrs.fr\/index.php?rest_route=%2Fwp%2Fv2%2Fmedia&parent=78"}],"curies":[{"name":"wp","href":"https:\/\/api.w.org\/{rel}","templated":true}]}}